{"id":2,"date":"2023-02-24T18:38:08","date_gmt":"2023-02-24T18:38:08","guid":{"rendered":"https:\/\/tk-update.de\/?page_id=2"},"modified":"2024-06-25T07:28:16","modified_gmt":"2024-06-25T07:28:16","slug":"sample-page","status":"publish","type":"page","link":"https:\/\/tk-update.de\/","title":{"rendered":"TK-Update Service &#8211; Erik Neeb"},"content":{"rendered":"\n<p>Willkommen auf meiner pers\u00f6nlichen Internet Pr\u00e4sens. <\/p>\n\n\n\n<p>Seit Januar 2021 bin ich selbst\u00e4ndig im Bereich VOIP Beratung und TK Service t\u00e4tig. Als <em>&#8222;Freelancer&#8220;<\/em> betreue ich derzeit mehrere Gr0\u00dfkunden und IT Dienstleister im ehemaligen Unify &#8222;Large Enterprise&#8220; Umfeld.<\/p>\n\n\n\n<p>Meine \u00fcber 30j\u00e4hrige Siemens-Unify Zeit als Service Integrator und Leiter Upgrade Center Frankfurt habe ich nach diversen strukturellen Ma\u00dfnahmen bei Unify im Jahr 2016 beendet. Ab 2017 konnte ich mein Wissen im NTA Systemhaus zu OSV, UC und OS4000 vertiefen und ausbauen. <\/p>\n\n\n\n<p>In meiner langen Zeit als Service Integrator habe ich viele Kunden gesehen, die mit dieser <strong>&#8222;Patch&#8220;<\/strong> Aufgabe v\u00f6llig \u00fcberfordert waren. Meist waren die IT-Mitarbeiter bereits damit ausgelastet, die TK Systeme zu administrieren. Es fehlte einfach oft die Zeit und das Knowhow, die Pflege der Systeme kontinuierlich zu betreiben.<\/p>\n\n\n\n<p>Jedes neue VOIP TK System unterliegt zahlreichen Update Zyklen, auch noch mehrere Jahre nach der Fertigstellung. Es gibt Unify Systeme die monatlich neue Korrekturen und Features erhalten, andere Applikationen werden ggf. auch nur einmal im Jahr aktualisiert. F\u00fcr Appliance Systeme wie Unify OSV und OS4000 werden auch Betriebssystem Patche in Applikations-Updates bereitgestellt. Kunden, die diese Security Korrekturen nicht oder nur selten aktualisieren, laufen in Gefahr durch unterschiedliche Formen angreifbar zu sein.<\/p>\n\n\n\n<p>Das interessante und komplexe Thema <strong>&#8222;Patchmanagement&#8220; <\/strong>in VOIP Infrastrukturen habe ich schon in der Zeit als Leiter Unify Upgrade Center Frankfurt betreut und entwickelt. <\/p>\n\n\n\n<p><strong>TK-Update Service<\/strong> m\u00f6chte diese Kunden auf einfache und unkomplizierte Weise unterst\u00fctzen, Ihre Security Vorgaben nach BSI Grundschutz zu erf\u00fcllen.<\/p>\n\n\n\n<p class=\"has-black-color has-text-color has-link-color wp-elements-a525d76a41e0312cb82132a2628276bd\"><strong>Folgende VOIP Dienstleistungen werden aktuell angeboten:<\/strong><\/p>\n\n\n\n<ul>\n<li><strong><a href=\"https:\/\/tk-update.de\/?page_id=336\" data-type=\"page\" data-id=\"336\">Patchmanagement<\/a><\/strong> &#8211; Security Updates f\u00fcr Betriebssysteme und Unify Applikationen<\/li>\n\n\n\n<li><strong>Updates<\/strong> f\u00fcr Unify Applikationen (Major Releases &#8211; bei vorhandenem SSP)<\/li>\n\n\n\n<li>Updates f\u00fcr <strong>Server Betriebssysteme<\/strong> (Windows Server ,Suse Enterprise Linux Server)<\/li>\n\n\n\n<li><strong>Wartung<\/strong> TK Systeme und Applikationen, Fehlerbehebung Level2 und Ticket Eskalation zum Hersteller<\/li>\n\n\n\n<li><strong>Schulung<\/strong> der TK Kunden Administratoren auf Unify Applikationen und TK Systeme (OSV, UC, OS4000)<\/li>\n\n\n\n<li><strong>Security Betrachtung<\/strong> TK Systeme &#8211; Zugangsschutz, Firewall, H\u00e4rtung, Virenschutz Software<\/li>\n\n\n\n<li><strong>IT Beratung<\/strong> f\u00fcr TK Migration &#8211; Unterst\u00fctzung bei Ausschreibungen.<\/li>\n\n\n\n<li>Backup und Recovery &#8211; <strong>Konzepte und Betrieb<\/strong> f\u00fcr VOIP Infrastruktur Server<\/li>\n<\/ul>\n\n\n\n<p><strong>Anfragen<\/strong> zu Update Services bitte direkt per Mail an erik.neeb@tk-update.de<\/p>\n\n\n\n<p>Erik Neeb<\/p>\n\n\n\n<p><\/p>\n","protected":false},"excerpt":{"rendered":"<p>Willkommen auf meiner pers\u00f6nlichen Internet Pr\u00e4sens. Seit Januar 2021 bin ich selbst\u00e4ndig im Bereich VOIP Beratung und TK Service t\u00e4tig. Als &#8222;Freelancer&#8220; betreue ich derzeit mehrere Gr0\u00dfkunden und IT Dienstleister im ehemaligen Unify &#8222;Large Enterprise&#8220; Umfeld. Meine \u00fcber 30j\u00e4hrige Siemens-Unify Zeit als Service Integrator und Leiter Upgrade Center Frankfurt habe ich nach diversen strukturellen Ma\u00dfnahmen [&hellip;]<\/p>\n","protected":false},"author":1,"featured_media":0,"parent":0,"menu_order":0,"comment_status":"closed","ping_status":"open","template":"","meta":{"footnotes":""},"_links":{"self":[{"href":"https:\/\/tk-update.de\/index.php?rest_route=\/wp\/v2\/pages\/2"}],"collection":[{"href":"https:\/\/tk-update.de\/index.php?rest_route=\/wp\/v2\/pages"}],"about":[{"href":"https:\/\/tk-update.de\/index.php?rest_route=\/wp\/v2\/types\/page"}],"author":[{"embeddable":true,"href":"https:\/\/tk-update.de\/index.php?rest_route=\/wp\/v2\/users\/1"}],"replies":[{"embeddable":true,"href":"https:\/\/tk-update.de\/index.php?rest_route=%2Fwp%2Fv2%2Fcomments&post=2"}],"version-history":[{"count":27,"href":"https:\/\/tk-update.de\/index.php?rest_route=\/wp\/v2\/pages\/2\/revisions"}],"predecessor-version":[{"id":357,"href":"https:\/\/tk-update.de\/index.php?rest_route=\/wp\/v2\/pages\/2\/revisions\/357"}],"wp:attachment":[{"href":"https:\/\/tk-update.de\/index.php?rest_route=%2Fwp%2Fv2%2Fmedia&parent=2"}],"curies":[{"name":"wp","href":"https:\/\/api.w.org\/{rel}","templated":true}]}}