{"id":67,"date":"2024-06-12T18:35:21","date_gmt":"2024-06-12T18:35:21","guid":{"rendered":"https:\/\/tk-update.de\/?page_id=67"},"modified":"2024-06-12T18:35:21","modified_gmt":"2024-06-12T18:35:21","slug":"web-impressum","status":"publish","type":"page","link":"https:\/\/tk-update.de\/?page_id=67","title":{"rendered":"Web-Impressum"},"content":{"rendered":"\n<p>Dies ist ein Informationsangebot von:\u00a0<\/p>\n\n\n\n<p>Erik Neeb &#8211; TK-Update Service<br>Sch\u00f6ne Aussicht 18<br>D-65520 Bad Camberg<br><br><a href=\"http:\/\/www.eco-world.de\/anfahrt\/weg.htm\" target=\"_blank\" rel=\"noreferrer noopener\"><strong>Und so finden Sie uns<\/strong><\/a><\/p>\n\n\n\n<p>Tel.: +49 (0)1738478571<br>E-Mail:\u00a0<a href=\"mailto:info@forum-csr.net\">erik.neeb@tk-update.de<\/a><br>URL: www.tk-update.de<\/p>\n\n\n\n<p>Gesch\u00e4ftsf\u00fchrer: Erik Neeb<br><br>Umsatzsteuer-Identifikationsnummer<br>gem\u00e4\u00df \u00a7 27a Umsatzsteuergesetz: DE 030\/851\/30044<\/p>\n\n\n\n<p>Inhaltlich Verantwortlicher gem\u00e4\u00df \u00a7 10 Abs. 3 MDStV:<br>Erik Neeb (Anschrift wie oben)<br><br>Haftungshinweis: Trotz sorgf\u00e4ltiger inhaltlicher Kontrolle\u00a0\u00fcbernehmen wir keine Haftung f\u00fcr die Inhalte externer Links.<br>F\u00fcr den Inhalt verlinkter Seiten sind ausschlie\u00dflich\u00a0deren Betreiber zust\u00e4ndig.<\/p>\n","protected":false},"excerpt":{"rendered":"<p>Dies ist ein Informationsangebot von:\u00a0 Erik Neeb &#8211; TK-Update ServiceSch\u00f6ne Aussicht 18D-65520 Bad Camberg Und so finden Sie uns Tel.: +49 (0)1738478571E-Mail:\u00a0erik.neeb@tk-update.deURL: www.tk-update.de Gesch\u00e4ftsf\u00fchrer: Erik Neeb Umsatzsteuer-Identifikationsnummergem\u00e4\u00df \u00a7 27a Umsatzsteuergesetz: DE 030\/851\/30044 Inhaltlich Verantwortlicher gem\u00e4\u00df \u00a7 10 Abs. 3 MDStV:Erik Neeb (Anschrift wie oben) Haftungshinweis: Trotz sorgf\u00e4ltiger inhaltlicher Kontrolle\u00a0\u00fcbernehmen wir keine Haftung f\u00fcr die Inhalte [&hellip;]<\/p>\n","protected":false},"author":1,"featured_media":0,"parent":0,"menu_order":0,"comment_status":"closed","ping_status":"closed","template":"","meta":{"footnotes":""},"_links":{"self":[{"href":"https:\/\/tk-update.de\/index.php?rest_route=\/wp\/v2\/pages\/67"}],"collection":[{"href":"https:\/\/tk-update.de\/index.php?rest_route=\/wp\/v2\/pages"}],"about":[{"href":"https:\/\/tk-update.de\/index.php?rest_route=\/wp\/v2\/types\/page"}],"author":[{"embeddable":true,"href":"https:\/\/tk-update.de\/index.php?rest_route=\/wp\/v2\/users\/1"}],"replies":[{"embeddable":true,"href":"https:\/\/tk-update.de\/index.php?rest_route=%2Fwp%2Fv2%2Fcomments&post=67"}],"version-history":[{"count":1,"href":"https:\/\/tk-update.de\/index.php?rest_route=\/wp\/v2\/pages\/67\/revisions"}],"predecessor-version":[{"id":68,"href":"https:\/\/tk-update.de\/index.php?rest_route=\/wp\/v2\/pages\/67\/revisions\/68"}],"wp:attachment":[{"href":"https:\/\/tk-update.de\/index.php?rest_route=%2Fwp%2Fv2%2Fmedia&parent=67"}],"curies":[{"name":"wp","href":"https:\/\/api.w.org\/{rel}","templated":true}]}}